{"id":5922,"date":"2023-05-05T06:28:12","date_gmt":"2023-05-05T06:28:12","guid":{"rendered":"https:\/\/www.medipan.de\/?page_id=5922"},"modified":"2026-03-02T09:54:01","modified_gmt":"2026-03-02T08:54:01","slug":"karriere","status":"publish","type":"page","link":"https:\/\/www.medipan.de\/de\/karriere\/","title":{"rendered":"Karriere"},"content":{"rendered":"\n<h2 class=\"wp-block-heading\"><strong>Karriere bei Medipan GmbH &amp; GA Generic Assays GmbH &#8211; Innovation in der globalen Diagnostik vorantreiben<\/strong><\/h2>\n\n\n\n<p>Wenn Sie eine <strong>Karriere in der Diagnostik<\/strong> anstreben, bieten die <a href=\"https:\/\/de.linkedin.com\/company\/medipan-generic-assays-gmbh\">Medipan &amp; GA Generic Assays<\/a> spannende M\u00f6glichkeiten. Als international t\u00e4tige Unternehmen, die in \u00fcber 70 L\u00e4ndern pr\u00e4sent sind, unterst\u00fctzen wir medizinische Labore, \u00c4rzte, Forschungseinrichtungen und Gesundheitseinrichtungen mit hochwertigen L\u00f6sungen in der <strong>Labordiagnostik<\/strong>. Wir entwickeln und produzieren manuelle und automatisierbare medizinische Testkits sowie automatisierte Diagnosesysteme, darunter ELISA, Radioimmunoassays, Immunfluoreszenz-, Lateral-Flow- und Line\/Dot-Assays<\/p>\n\n\n\n<p>Unsere diagnostischen L\u00f6sungen tragen dazu bei, die Diagnose und Behandlung zahlreicher komplexer Erkrankungen zu verbessern. Wir decken Autoimmun- und Stoffwechselerkrankungen wie Schilddr\u00fcsenerkrankungen, Typ-1-Diabetes und rheumatoide Arthritis ab, ebenso wie Polyendokrinopathien, neurologische Erkrankungen, gastroenterologische und Lebererkrankungen sowie weitere seltene und komplexe Krankheitsbilder. Unsere innovativen Labordiagnostik-Produkte unterst\u00fctzen medizinische Einrichtungen weltweit dabei, pr\u00e4zise Diagnosen zu stellen und Patientenergebnisse zu verbessern.<\/p>\n\n\n\n<p>Werden Sie Teil unseres Teams, um an vorderster Front der medizinischen Innovation zu arbeiten. Erfahren Sie mehr \u00fcber unsere Produkte, unser Unternehmen oder starten Sie direkt Ihre Karriere in der Diagnostik. Bei Medipan und GA Generic Assays stehen Pr\u00e4zision, Innovation und Exzellenz im Mittelpunkt und Sie k\u00f6nnen daran mitwirken.<\/p>\n\n\n\n\n\n<p><\/p>\n","protected":false},"excerpt":{"rendered":"<p>Karriere bei Medipan GmbH &amp; GA Generic Assays GmbH &#8211; Innovation in der globalen Diagnostik vorantreiben Wenn Sie eine Karriere in der Diagnostik anstreben, bieten die Medipan &amp; GA Generic Assays spannende M\u00f6glichkeiten. Als international t\u00e4tige Unternehmen, die in \u00fcber 70 L\u00e4ndern pr\u00e4sent sind, unterst\u00fctzen wir medizinische Labore, \u00c4rzte, Forschungseinrichtungen und Gesundheitseinrichtungen mit hochwertigen L\u00f6sungen [&hellip;]<\/p>\n","protected":false},"author":1,"featured_media":9897,"parent":0,"menu_order":0,"comment_status":"closed","ping_status":"closed","template":"","meta":{"_acf_changed":false,"footnotes":""},"class_list":["post-5922","page","type-page","status-publish","has-post-thumbnail","hentry"],"acf":[],"yoast_head":"<!-- This site is optimized with the Yoast SEO plugin v27.3 - https:\/\/yoast.com\/product\/yoast-seo-wordpress\/ -->\n<title>Karriere - Medipan &amp; GA Generic Assays<\/title>\n<meta name=\"description\" content=\"Starten Sie Ihre Karriere in der Diagnostik bei Medipan GmbH &amp; GA Generic Assays GmbH. Werden Sie Teil eines innovativen Unternehmens f\u00fcr Labordiagnostik und medizinische Testkits.\" \/>\n<meta name=\"robots\" content=\"index, follow, max-snippet:-1, max-image-preview:large, max-video-preview:-1\" \/>\n<link rel=\"canonical\" href=\"https:\/\/www.medipan.de\/de\/karriere\/\" \/>\n<meta property=\"og:locale\" content=\"de_DE\" \/>\n<meta property=\"og:type\" content=\"article\" \/>\n<meta property=\"og:title\" content=\"Karriere - Medipan &amp; GA Generic Assays\" \/>\n<meta property=\"og:description\" content=\"Starten Sie Ihre Karriere in der Diagnostik bei Medipan GmbH &amp; GA Generic Assays GmbH. Werden Sie Teil eines innovativen Unternehmens f\u00fcr Labordiagnostik und medizinische Testkits.\" \/>\n<meta property=\"og:url\" content=\"https:\/\/www.medipan.de\/de\/karriere\/\" \/>\n<meta property=\"og:site_name\" content=\"Medipan &amp; GA Generic Assays\" \/>\n<meta property=\"article:publisher\" content=\"https:\/\/www.facebook.com\/people\/Medipan-GA-Generic-Assays\/pfbid02ULuoTqAH3VaVSiKK1yK6und3uDLDWT5sPtqVXyQHcW1QBfBX1ywC47X62DBGZgril\/\" \/>\n<meta property=\"article:modified_time\" content=\"2026-03-02T08:54:01+00:00\" \/>\n<meta property=\"og:image\" content=\"https:\/\/www.medipan.de\/wp-content\/uploads\/2024\/03\/AdobeStock_200277632-scaled.jpeg\" \/>\n\t<meta property=\"og:image:width\" content=\"2560\" \/>\n\t<meta property=\"og:image:height\" content=\"1709\" \/>\n\t<meta property=\"og:image:type\" content=\"image\/jpeg\" \/>\n<meta name=\"twitter:card\" content=\"summary_large_image\" \/>\n<meta name=\"twitter:label1\" content=\"Gesch\u00e4tzte Lesezeit\" \/>\n\t<meta name=\"twitter:data1\" content=\"2\u00a0Minuten\" \/>\n<script type=\"application\/ld+json\" class=\"yoast-schema-graph\">{\"@context\":\"https:\\\/\\\/schema.org\",\"@graph\":[{\"@type\":\"WebPage\",\"@id\":\"https:\\\/\\\/www.medipan.de\\\/de\\\/karriere\\\/\",\"url\":\"https:\\\/\\\/www.medipan.de\\\/de\\\/karriere\\\/\",\"name\":\"Karriere - Medipan &amp; GA Generic Assays\",\"isPartOf\":{\"@id\":\"https:\\\/\\\/www.medipan.de\\\/de\\\/#website\"},\"primaryImageOfPage\":{\"@id\":\"https:\\\/\\\/www.medipan.de\\\/de\\\/karriere\\\/#primaryimage\"},\"image\":{\"@id\":\"https:\\\/\\\/www.medipan.de\\\/de\\\/karriere\\\/#primaryimage\"},\"thumbnailUrl\":\"https:\\\/\\\/www.medipan.de\\\/wp-content\\\/uploads\\\/2024\\\/03\\\/AdobeStock_200277632-scaled.jpeg\",\"datePublished\":\"2023-05-05T06:28:12+00:00\",\"dateModified\":\"2026-03-02T08:54:01+00:00\",\"description\":\"Starten Sie Ihre Karriere in der Diagnostik bei Medipan GmbH & GA Generic Assays GmbH. Werden Sie Teil eines innovativen Unternehmens f\u00fcr Labordiagnostik und medizinische Testkits.\",\"breadcrumb\":{\"@id\":\"https:\\\/\\\/www.medipan.de\\\/de\\\/karriere\\\/#breadcrumb\"},\"inLanguage\":\"de\",\"potentialAction\":[{\"@type\":\"ReadAction\",\"target\":[\"https:\\\/\\\/www.medipan.de\\\/de\\\/karriere\\\/\"]}]},{\"@type\":\"ImageObject\",\"inLanguage\":\"de\",\"@id\":\"https:\\\/\\\/www.medipan.de\\\/de\\\/karriere\\\/#primaryimage\",\"url\":\"https:\\\/\\\/www.medipan.de\\\/wp-content\\\/uploads\\\/2024\\\/03\\\/AdobeStock_200277632-scaled.jpeg\",\"contentUrl\":\"https:\\\/\\\/www.medipan.de\\\/wp-content\\\/uploads\\\/2024\\\/03\\\/AdobeStock_200277632-scaled.jpeg\",\"width\":2560,\"height\":1709,\"caption\":\"Laboratory assistants in uniform and protective glasses working with test tubes in the medical laboratory\"},{\"@type\":\"BreadcrumbList\",\"@id\":\"https:\\\/\\\/www.medipan.de\\\/de\\\/karriere\\\/#breadcrumb\",\"itemListElement\":[{\"@type\":\"ListItem\",\"position\":1,\"name\":\"Home\",\"item\":\"https:\\\/\\\/www.medipan.de\\\/de\\\/\"},{\"@type\":\"ListItem\",\"position\":2,\"name\":\"Karriere\"}]},{\"@type\":\"WebSite\",\"@id\":\"https:\\\/\\\/www.medipan.de\\\/de\\\/#website\",\"url\":\"https:\\\/\\\/www.medipan.de\\\/de\\\/\",\"name\":\"Medipan.de\",\"description\":\"Your reliable partner in autoimmune diagnostics\",\"publisher\":{\"@id\":\"https:\\\/\\\/www.medipan.de\\\/de\\\/#organization\"},\"potentialAction\":[{\"@type\":\"SearchAction\",\"target\":{\"@type\":\"EntryPoint\",\"urlTemplate\":\"https:\\\/\\\/www.medipan.de\\\/de\\\/?s={search_term_string}\"},\"query-input\":{\"@type\":\"PropertyValueSpecification\",\"valueRequired\":true,\"valueName\":\"search_term_string\"}}],\"inLanguage\":\"de\"},{\"@type\":\"Organization\",\"@id\":\"https:\\\/\\\/www.medipan.de\\\/de\\\/#organization\",\"name\":\"Medipan GmbH & GA Generic Assays GmbH\",\"url\":\"https:\\\/\\\/www.medipan.de\\\/de\\\/\",\"logo\":{\"@type\":\"ImageObject\",\"inLanguage\":\"de\",\"@id\":\"https:\\\/\\\/www.medipan.de\\\/de\\\/#\\\/schema\\\/logo\\\/image\\\/\",\"url\":\"https:\\\/\\\/www.medipan.de\\\/wp-content\\\/uploads\\\/2021\\\/01\\\/logo_transparent.png\",\"contentUrl\":\"https:\\\/\\\/www.medipan.de\\\/wp-content\\\/uploads\\\/2021\\\/01\\\/logo_transparent.png\",\"width\":108,\"height\":49,\"caption\":\"Medipan GmbH & GA Generic Assays GmbH\"},\"image\":{\"@id\":\"https:\\\/\\\/www.medipan.de\\\/de\\\/#\\\/schema\\\/logo\\\/image\\\/\"},\"sameAs\":[\"https:\\\/\\\/www.facebook.com\\\/people\\\/Medipan-GA-Generic-Assays\\\/pfbid02ULuoTqAH3VaVSiKK1yK6und3uDLDWT5sPtqVXyQHcW1QBfBX1ywC47X62DBGZgril\\\/\",\"https:\\\/\\\/www.linkedin.com\\\/company\\\/medipan-generic-assays-gmbh\\\/?originalSubdomain=de\",\"https:\\\/\\\/www.youtube.com\\\/channel\\\/UCFTKVg_v7n57CG7i9rPv-NQ\"]}]}<\/script>\n<!-- \/ Yoast SEO plugin. -->","yoast_head_json":{"title":"Karriere - Medipan &amp; GA Generic Assays","description":"Starten Sie Ihre Karriere in der Diagnostik bei Medipan GmbH & GA Generic Assays GmbH. Werden Sie Teil eines innovativen Unternehmens f\u00fcr Labordiagnostik und medizinische Testkits.","robots":{"index":"index","follow":"follow","max-snippet":"max-snippet:-1","max-image-preview":"max-image-preview:large","max-video-preview":"max-video-preview:-1"},"canonical":"https:\/\/www.medipan.de\/de\/karriere\/","og_locale":"de_DE","og_type":"article","og_title":"Karriere - Medipan &amp; GA Generic Assays","og_description":"Starten Sie Ihre Karriere in der Diagnostik bei Medipan GmbH & GA Generic Assays GmbH. Werden Sie Teil eines innovativen Unternehmens f\u00fcr Labordiagnostik und medizinische Testkits.","og_url":"https:\/\/www.medipan.de\/de\/karriere\/","og_site_name":"Medipan &amp; GA Generic Assays","article_publisher":"https:\/\/www.facebook.com\/people\/Medipan-GA-Generic-Assays\/pfbid02ULuoTqAH3VaVSiKK1yK6und3uDLDWT5sPtqVXyQHcW1QBfBX1ywC47X62DBGZgril\/","article_modified_time":"2026-03-02T08:54:01+00:00","og_image":[{"width":2560,"height":1709,"url":"https:\/\/www.medipan.de\/wp-content\/uploads\/2024\/03\/AdobeStock_200277632-scaled.jpeg","type":"image\/jpeg"}],"twitter_card":"summary_large_image","twitter_misc":{"Gesch\u00e4tzte Lesezeit":"2\u00a0Minuten"},"schema":{"@context":"https:\/\/schema.org","@graph":[{"@type":"WebPage","@id":"https:\/\/www.medipan.de\/de\/karriere\/","url":"https:\/\/www.medipan.de\/de\/karriere\/","name":"Karriere - Medipan &amp; GA Generic Assays","isPartOf":{"@id":"https:\/\/www.medipan.de\/de\/#website"},"primaryImageOfPage":{"@id":"https:\/\/www.medipan.de\/de\/karriere\/#primaryimage"},"image":{"@id":"https:\/\/www.medipan.de\/de\/karriere\/#primaryimage"},"thumbnailUrl":"https:\/\/www.medipan.de\/wp-content\/uploads\/2024\/03\/AdobeStock_200277632-scaled.jpeg","datePublished":"2023-05-05T06:28:12+00:00","dateModified":"2026-03-02T08:54:01+00:00","description":"Starten Sie Ihre Karriere in der Diagnostik bei Medipan GmbH & GA Generic Assays GmbH. Werden Sie Teil eines innovativen Unternehmens f\u00fcr Labordiagnostik und medizinische Testkits.","breadcrumb":{"@id":"https:\/\/www.medipan.de\/de\/karriere\/#breadcrumb"},"inLanguage":"de","potentialAction":[{"@type":"ReadAction","target":["https:\/\/www.medipan.de\/de\/karriere\/"]}]},{"@type":"ImageObject","inLanguage":"de","@id":"https:\/\/www.medipan.de\/de\/karriere\/#primaryimage","url":"https:\/\/www.medipan.de\/wp-content\/uploads\/2024\/03\/AdobeStock_200277632-scaled.jpeg","contentUrl":"https:\/\/www.medipan.de\/wp-content\/uploads\/2024\/03\/AdobeStock_200277632-scaled.jpeg","width":2560,"height":1709,"caption":"Laboratory assistants in uniform and protective glasses working with test tubes in the medical laboratory"},{"@type":"BreadcrumbList","@id":"https:\/\/www.medipan.de\/de\/karriere\/#breadcrumb","itemListElement":[{"@type":"ListItem","position":1,"name":"Home","item":"https:\/\/www.medipan.de\/de\/"},{"@type":"ListItem","position":2,"name":"Karriere"}]},{"@type":"WebSite","@id":"https:\/\/www.medipan.de\/de\/#website","url":"https:\/\/www.medipan.de\/de\/","name":"Medipan.de","description":"Your reliable partner in autoimmune diagnostics","publisher":{"@id":"https:\/\/www.medipan.de\/de\/#organization"},"potentialAction":[{"@type":"SearchAction","target":{"@type":"EntryPoint","urlTemplate":"https:\/\/www.medipan.de\/de\/?s={search_term_string}"},"query-input":{"@type":"PropertyValueSpecification","valueRequired":true,"valueName":"search_term_string"}}],"inLanguage":"de"},{"@type":"Organization","@id":"https:\/\/www.medipan.de\/de\/#organization","name":"Medipan GmbH & GA Generic Assays GmbH","url":"https:\/\/www.medipan.de\/de\/","logo":{"@type":"ImageObject","inLanguage":"de","@id":"https:\/\/www.medipan.de\/de\/#\/schema\/logo\/image\/","url":"https:\/\/www.medipan.de\/wp-content\/uploads\/2021\/01\/logo_transparent.png","contentUrl":"https:\/\/www.medipan.de\/wp-content\/uploads\/2021\/01\/logo_transparent.png","width":108,"height":49,"caption":"Medipan GmbH & GA Generic Assays GmbH"},"image":{"@id":"https:\/\/www.medipan.de\/de\/#\/schema\/logo\/image\/"},"sameAs":["https:\/\/www.facebook.com\/people\/Medipan-GA-Generic-Assays\/pfbid02ULuoTqAH3VaVSiKK1yK6und3uDLDWT5sPtqVXyQHcW1QBfBX1ywC47X62DBGZgril\/","https:\/\/www.linkedin.com\/company\/medipan-generic-assays-gmbh\/?originalSubdomain=de","https:\/\/www.youtube.com\/channel\/UCFTKVg_v7n57CG7i9rPv-NQ"]}]}},"_links":{"self":[{"href":"https:\/\/www.medipan.de\/de\/wp-json\/wp\/v2\/pages\/5922","targetHints":{"allow":["GET"]}}],"collection":[{"href":"https:\/\/www.medipan.de\/de\/wp-json\/wp\/v2\/pages"}],"about":[{"href":"https:\/\/www.medipan.de\/de\/wp-json\/wp\/v2\/types\/page"}],"author":[{"embeddable":true,"href":"https:\/\/www.medipan.de\/de\/wp-json\/wp\/v2\/users\/1"}],"replies":[{"embeddable":true,"href":"https:\/\/www.medipan.de\/de\/wp-json\/wp\/v2\/comments?post=5922"}],"version-history":[{"count":391,"href":"https:\/\/www.medipan.de\/de\/wp-json\/wp\/v2\/pages\/5922\/revisions"}],"predecessor-version":[{"id":106830,"href":"https:\/\/www.medipan.de\/de\/wp-json\/wp\/v2\/pages\/5922\/revisions\/106830"}],"wp:featuredmedia":[{"embeddable":true,"href":"https:\/\/www.medipan.de\/de\/wp-json\/wp\/v2\/media\/9897"}],"wp:attachment":[{"href":"https:\/\/www.medipan.de\/de\/wp-json\/wp\/v2\/media?parent=5922"}],"curies":[{"name":"wp","href":"https:\/\/api.w.org\/{rel}","templated":true}]}}